{"id":79,"date":"2020-12-04T22:50:38","date_gmt":"2020-12-04T21:50:38","guid":{"rendered":"https:\/\/feuerwehr-schwagstorf.de\/\/192.168.10.221\/?page_id=79"},"modified":"2022-04-08T10:44:50","modified_gmt":"2022-04-08T09:44:50","slug":"einsaetze","status":"publish","type":"page","link":"https:\/\/feuerwehr-schwagstorf.de\/?page_id=79","title":{"rendered":"Eins\u00e4tze"},"content":{"rendered":"\t\t<div data-elementor-type=\"wp-page\" data-elementor-id=\"79\" class=\"elementor elementor-79\" data-elementor-post-type=\"page\">\n\t\t\t\t\t\t<section class=\"elementor-section elementor-top-section elementor-element elementor-element-130ced6 elementor-section-boxed elementor-section-height-default elementor-section-height-default\" data-id=\"130ced6\" data-element_type=\"section\" data-e-type=\"section\">\n\t\t\t\t\t\t<div class=\"elementor-container elementor-column-gap-default\">\n\t\t\t\t\t<div class=\"elementor-column elementor-col-100 elementor-top-column elementor-element elementor-element-d035f50\" data-id=\"d035f50\" data-element_type=\"column\" data-e-type=\"column\">\n\t\t\t<div class=\"elementor-widget-wrap elementor-element-populated\">\n\t\t\t\t\t\t<div class=\"elementor-element elementor-element-2f49a71 elementor-widget elementor-widget-heading\" data-id=\"2f49a71\" data-element_type=\"widget\" data-e-type=\"widget\" data-widget_type=\"heading.default\">\n\t\t\t\t<div class=\"elementor-widget-container\">\n\t\t\t\t\t<h2 class=\"elementor-heading-title elementor-size-default\">Eins\u00e4tze<\/h2>\t\t\t\t<\/div>\n\t\t\t\t<\/div>\n\t\t\t\t\t<\/div>\n\t\t<\/div>\n\t\t\t\t\t<\/div>\n\t\t<\/section>\n\t\t\t\t<section class=\"elementor-section elementor-top-section elementor-element elementor-element-65308a0 elementor-section-boxed elementor-section-height-default elementor-section-height-default\" data-id=\"65308a0\" data-element_type=\"section\" data-e-type=\"section\">\n\t\t\t\t\t\t<div class=\"elementor-container elementor-column-gap-default\">\n\t\t\t\t\t<div class=\"elementor-column elementor-col-100 elementor-top-column elementor-element elementor-element-d597431\" data-id=\"d597431\" data-element_type=\"column\" data-e-type=\"column\">\n\t\t\t<div class=\"elementor-widget-wrap elementor-element-populated\">\n\t\t\t\t\t\t<div class=\"elementor-element elementor-element-19e0635 elementor-grid-3 elementor-grid-tablet-2 elementor-grid-mobile-1 elementor-posts--thumbnail-top elementor-card-shadow-yes elementor-posts__hover-gradient elementor-widget elementor-widget-posts\" data-id=\"19e0635\" data-element_type=\"widget\" data-e-type=\"widget\" data-settings=\"{&quot;cards_masonry&quot;:&quot;yes&quot;,&quot;pagination_type&quot;:&quot;load_more_infinite_scroll&quot;,&quot;cards_columns&quot;:&quot;3&quot;,&quot;cards_columns_tablet&quot;:&quot;2&quot;,&quot;cards_columns_mobile&quot;:&quot;1&quot;,&quot;cards_row_gap&quot;:{&quot;unit&quot;:&quot;px&quot;,&quot;size&quot;:35,&quot;sizes&quot;:[]},&quot;cards_row_gap_tablet&quot;:{&quot;unit&quot;:&quot;px&quot;,&quot;size&quot;:&quot;&quot;,&quot;sizes&quot;:[]},&quot;cards_row_gap_mobile&quot;:{&quot;unit&quot;:&quot;px&quot;,&quot;size&quot;:&quot;&quot;,&quot;sizes&quot;:[]},&quot;load_more_spinner&quot;:{&quot;value&quot;:&quot;fas fa-spinner&quot;,&quot;library&quot;:&quot;fa-solid&quot;}}\" data-widget_type=\"posts.cards\">\n\t\t\t\t<div class=\"elementor-widget-container\">\n\t\t\t\t\t\t\t<div class=\"elementor-posts-container elementor-posts elementor-posts--skin-cards elementor-grid\" role=\"list\">\n\t\t\t\t<article class=\"elementor-post elementor-grid-item post-1099 post type-post status-publish format-standard has-post-thumbnail hentry category-21 category-einsaetze entry has-media\" role=\"listitem\">\n\t\t\t<div class=\"elementor-post__card\">\n\t\t\t\t<a class=\"elementor-post__thumbnail__link\" href=\"https:\/\/feuerwehr-schwagstorf.de\/?p=1099\" tabindex=\"-1\" ><div class=\"elementor-post__thumbnail\"><img fetchpriority=\"high\" decoding=\"async\" width=\"225\" height=\"300\" src=\"https:\/\/feuerwehr-schwagstorf.de\/wp-content\/uploads\/2026\/04\/IMG_8011-225x300.jpeg\" class=\"attachment-medium size-medium wp-image-1101\" alt=\"\" srcset=\"https:\/\/feuerwehr-schwagstorf.de\/wp-content\/uploads\/2026\/04\/IMG_8011-225x300.jpeg 225w, https:\/\/feuerwehr-schwagstorf.de\/wp-content\/uploads\/2026\/04\/IMG_8011-768x1024.jpeg 768w, https:\/\/feuerwehr-schwagstorf.de\/wp-content\/uploads\/2026\/04\/IMG_8011-1152x1536.jpeg 1152w, https:\/\/feuerwehr-schwagstorf.de\/wp-content\/uploads\/2026\/04\/IMG_8011-1536x2048.jpeg 1536w, https:\/\/feuerwehr-schwagstorf.de\/wp-content\/uploads\/2026\/04\/IMG_8011-scaled.jpeg 1920w\" sizes=\"(max-width: 225px) 100vw, 225px\" \/><\/div><\/a>\n\t\t\t\t<div class=\"elementor-post__badge\">2026<\/div>\n\t\t\t\t<div class=\"elementor-post__text\">\n\t\t\t\t<h3 class=\"elementor-post__title\">\n\t\t\t<a href=\"https:\/\/feuerwehr-schwagstorf.de\/?p=1099\" >\n\t\t\t\tTH2Y &#8211; PKW im Graben\t\t\t<\/a>\n\t\t<\/h3>\n\t\t\t\t<div class=\"elementor-post__excerpt\">\n\t\t\t<p>Am Abend wurden wir gemeinsam mit der Feuerwehr Venne zu einem Verkehrsunfall alarmiert. Ein PKW war von der Stra\u00dfe abgekommen, touchierte einen Baum und kam<\/p>\n\t\t<\/div>\n\t\t\n\t\t<a class=\"elementor-post__read-more\" href=\"https:\/\/feuerwehr-schwagstorf.de\/?p=1099\" aria-label=\"Mehr \u00fcber TH2Y &#8211; PKW im Graben\" tabindex=\"-1\" >\n\t\t\tMehr \u00bb\t\t<\/a>\n\n\t\t\t\t<\/div>\n\t\t\t\t<div class=\"elementor-post__meta-data\">\n\t\t\t\t\t<span class=\"elementor-post-author\">\n\t\t\tFeuerwehr Schwagstorf\t\t<\/span>\n\t\t\t\t<span class=\"elementor-post-date\">\n\t\t\t06.04.2026\t\t<\/span>\n\t\t\t\t<\/div>\n\t\t\t\t\t<\/div>\n\t\t<\/article>\n\t\t\t\t<article class=\"elementor-post elementor-grid-item post-1105 post type-post status-publish format-standard has-post-thumbnail hentry category-21 category-einsaetze entry has-media\" role=\"listitem\">\n\t\t\t<div class=\"elementor-post__card\">\n\t\t\t\t<a class=\"elementor-post__thumbnail__link\" href=\"https:\/\/feuerwehr-schwagstorf.de\/?p=1105\" tabindex=\"-1\" ><div class=\"elementor-post__thumbnail\"><img decoding=\"async\" width=\"300\" height=\"225\" src=\"https:\/\/feuerwehr-schwagstorf.de\/wp-content\/uploads\/2026\/03\/IMG_7974-300x225.jpg\" class=\"attachment-medium size-medium wp-image-1111\" alt=\"\" srcset=\"https:\/\/feuerwehr-schwagstorf.de\/wp-content\/uploads\/2026\/03\/IMG_7974-300x225.jpg 300w, https:\/\/feuerwehr-schwagstorf.de\/wp-content\/uploads\/2026\/03\/IMG_7974-1024x768.jpg 1024w, https:\/\/feuerwehr-schwagstorf.de\/wp-content\/uploads\/2026\/03\/IMG_7974-768x576.jpg 768w, https:\/\/feuerwehr-schwagstorf.de\/wp-content\/uploads\/2026\/03\/IMG_7974-1536x1152.jpg 1536w, https:\/\/feuerwehr-schwagstorf.de\/wp-content\/uploads\/2026\/03\/IMG_7974.jpg 2040w\" sizes=\"(max-width: 300px) 100vw, 300px\" \/><\/div><\/a>\n\t\t\t\t<div class=\"elementor-post__badge\">2026<\/div>\n\t\t\t\t<div class=\"elementor-post__text\">\n\t\t\t\t<h3 class=\"elementor-post__title\">\n\t\t\t<a href=\"https:\/\/feuerwehr-schwagstorf.de\/?p=1105\" >\n\t\t\t\tTH0 &#8211; Baum auf Stra\u00dfe\t\t\t<\/a>\n\t\t<\/h3>\n\t\t\t\t<div class=\"elementor-post__excerpt\">\n\t\t\t<p>Am fr\u00fchen Morgen wurden wir zu einem umgest\u00fcrzten Baum auf der Schwegerhoffstra\u00dfe alarmiert. Vor Ort lag der Baum quer \u00fcber der Fahrbahn und blockierte die<\/p>\n\t\t<\/div>\n\t\t\n\t\t<a class=\"elementor-post__read-more\" href=\"https:\/\/feuerwehr-schwagstorf.de\/?p=1105\" aria-label=\"Mehr \u00fcber TH0 &#8211; Baum auf Stra\u00dfe\" tabindex=\"-1\" >\n\t\t\tMehr \u00bb\t\t<\/a>\n\n\t\t\t\t<\/div>\n\t\t\t\t<div class=\"elementor-post__meta-data\">\n\t\t\t\t\t<span class=\"elementor-post-author\">\n\t\t\tFeuerwehr Schwagstorf\t\t<\/span>\n\t\t\t\t<span class=\"elementor-post-date\">\n\t\t\t25.03.2026\t\t<\/span>\n\t\t\t\t<\/div>\n\t\t\t\t\t<\/div>\n\t\t<\/article>\n\t\t\t\t<article class=\"elementor-post elementor-grid-item post-1093 post type-post status-publish format-standard hentry category-21 category-einsaetze category-uncategorized entry\" role=\"listitem\">\n\t\t\t<div class=\"elementor-post__card\">\n\t\t\t\t<div class=\"elementor-post__text\">\n\t\t\t\t<h3 class=\"elementor-post__title\">\n\t\t\t<a href=\"https:\/\/feuerwehr-schwagstorf.de\/?p=1093\" >\n\t\t\t\tTH2Y \u2013 E-Call ohne Sprechkontakt\t\t\t<\/a>\n\t\t<\/h3>\n\t\t\t\t<div class=\"elementor-post__excerpt\">\n\t\t\t<p>Gemeinsam mit der Feuerwehr Ostercappeln wurden wir zu einem ausgel\u00f6sten E-Call (automatisches Notrufsystem in Fahrzeugen) alarmiert. Ein Sprechkontakt zum Fahrzeug konnte nicht hergestellt werden. Vor<\/p>\n\t\t<\/div>\n\t\t\n\t\t<a class=\"elementor-post__read-more\" href=\"https:\/\/feuerwehr-schwagstorf.de\/?p=1093\" aria-label=\"Mehr \u00fcber TH2Y \u2013 E-Call ohne Sprechkontakt\" tabindex=\"-1\" >\n\t\t\tMehr \u00bb\t\t<\/a>\n\n\t\t\t\t<\/div>\n\t\t\t\t<div class=\"elementor-post__meta-data\">\n\t\t\t\t\t<span class=\"elementor-post-author\">\n\t\t\tFeuerwehr Schwagstorf\t\t<\/span>\n\t\t\t\t<span class=\"elementor-post-date\">\n\t\t\t21.03.2026\t\t<\/span>\n\t\t\t\t<\/div>\n\t\t\t\t\t<\/div>\n\t\t<\/article>\n\t\t\t\t<article class=\"elementor-post elementor-grid-item post-1083 post type-post status-publish format-standard hentry category-21 category-einsaetze entry\" role=\"listitem\">\n\t\t\t<div class=\"elementor-post__card\">\n\t\t\t\t<div class=\"elementor-post__text\">\n\t\t\t\t<h3 class=\"elementor-post__title\">\n\t\t\t<a href=\"https:\/\/feuerwehr-schwagstorf.de\/?p=1083\" >\n\t\t\t\t\u00a0TH1 \u2013 T\u00fcr\u00f6ffnung\t\t\t<\/a>\n\t\t<\/h3>\n\t\t\t\t<div class=\"elementor-post__excerpt\">\n\t\t\t<p>\ud83d\udcdf TH1 \u2013 T\u00fcr\u00f6ffnung\ud83d\uddd3\ufe0f 09.03.2026 \u2013 14:33 Uhr Alarmiert wurden wir zu einer T\u00fcr\u00f6ffnung \u00fcber Hausnotruf ohne Sprechkontakt. Vor Ort stellte sich jedoch schnell heraus,<\/p>\n\t\t<\/div>\n\t\t\n\t\t<a class=\"elementor-post__read-more\" href=\"https:\/\/feuerwehr-schwagstorf.de\/?p=1083\" aria-label=\"Mehr \u00fcber \u00a0TH1 \u2013 T\u00fcr\u00f6ffnung\" tabindex=\"-1\" >\n\t\t\tMehr \u00bb\t\t<\/a>\n\n\t\t\t\t<\/div>\n\t\t\t\t<div class=\"elementor-post__meta-data\">\n\t\t\t\t\t<span class=\"elementor-post-author\">\n\t\t\tFeuerwehr Schwagstorf\t\t<\/span>\n\t\t\t\t<span class=\"elementor-post-date\">\n\t\t\t20.03.2026\t\t<\/span>\n\t\t\t\t<\/div>\n\t\t\t\t\t<\/div>\n\t\t<\/article>\n\t\t\t\t<article class=\"elementor-post elementor-grid-item post-1074 post type-post status-publish format-standard has-post-thumbnail hentry category-21 category-einsaetze entry has-media\" role=\"listitem\">\n\t\t\t<div class=\"elementor-post__card\">\n\t\t\t\t<a class=\"elementor-post__thumbnail__link\" href=\"https:\/\/feuerwehr-schwagstorf.de\/?p=1074\" tabindex=\"-1\" ><div class=\"elementor-post__thumbnail\"><img decoding=\"async\" width=\"225\" height=\"300\" src=\"https:\/\/feuerwehr-schwagstorf.de\/wp-content\/uploads\/2026\/02\/WhatsApp-Image-2026-02-14-at-15.18.39-225x300.jpeg\" class=\"attachment-medium size-medium wp-image-1076\" alt=\"\" srcset=\"https:\/\/feuerwehr-schwagstorf.de\/wp-content\/uploads\/2026\/02\/WhatsApp-Image-2026-02-14-at-15.18.39-225x300.jpeg 225w, https:\/\/feuerwehr-schwagstorf.de\/wp-content\/uploads\/2026\/02\/WhatsApp-Image-2026-02-14-at-15.18.39-768x1024.jpeg 768w, https:\/\/feuerwehr-schwagstorf.de\/wp-content\/uploads\/2026\/02\/WhatsApp-Image-2026-02-14-at-15.18.39-1152x1536.jpeg 1152w, https:\/\/feuerwehr-schwagstorf.de\/wp-content\/uploads\/2026\/02\/WhatsApp-Image-2026-02-14-at-15.18.39-1536x2048.jpeg 1536w, https:\/\/feuerwehr-schwagstorf.de\/wp-content\/uploads\/2026\/02\/WhatsApp-Image-2026-02-14-at-15.18.39-scaled.jpeg 1920w\" sizes=\"(max-width: 225px) 100vw, 225px\" \/><\/div><\/a>\n\t\t\t\t<div class=\"elementor-post__badge\">2026<\/div>\n\t\t\t\t<div class=\"elementor-post__text\">\n\t\t\t\t<h3 class=\"elementor-post__title\">\n\t\t\t<a href=\"https:\/\/feuerwehr-schwagstorf.de\/?p=1074\" >\n\t\t\t\tTH1 \u2013 PKW vs. LKW\t\t\t<\/a>\n\t\t<\/h3>\n\t\t\t\t<div class=\"elementor-post__excerpt\">\n\t\t\t<p>\ud83d\udcdf TH1 \u2013 PKW vs. LKW\ud83d\uddd3\ufe0f 09.02.2026 \u2013 09:04 Uhr Wir wurden zusammen mit der\u00a0@feuerwehr.venne\u00a0zu einem Verkehrsunfall mit dem Stichwort \u201ePKW vs. LKW\u201c alarmiert. Vor<\/p>\n\t\t<\/div>\n\t\t\n\t\t<a class=\"elementor-post__read-more\" href=\"https:\/\/feuerwehr-schwagstorf.de\/?p=1074\" aria-label=\"Mehr \u00fcber TH1 \u2013 PKW vs. LKW\" tabindex=\"-1\" >\n\t\t\tMehr \u00bb\t\t<\/a>\n\n\t\t\t\t<\/div>\n\t\t\t\t<div class=\"elementor-post__meta-data\">\n\t\t\t\t\t<span class=\"elementor-post-author\">\n\t\t\tFeuerwehr Schwagstorf\t\t<\/span>\n\t\t\t\t<span class=\"elementor-post-date\">\n\t\t\t14.02.2026\t\t<\/span>\n\t\t\t\t<\/div>\n\t\t\t\t\t<\/div>\n\t\t<\/article>\n\t\t\t\t<article class=\"elementor-post elementor-grid-item post-1069 post type-post status-publish format-standard has-post-thumbnail hentry category-21 category-einsaetze entry has-media\" role=\"listitem\">\n\t\t\t<div class=\"elementor-post__card\">\n\t\t\t\t<a class=\"elementor-post__thumbnail__link\" href=\"https:\/\/feuerwehr-schwagstorf.de\/?p=1069\" tabindex=\"-1\" ><div class=\"elementor-post__thumbnail\"><img loading=\"lazy\" decoding=\"async\" width=\"300\" height=\"169\" src=\"https:\/\/feuerwehr-schwagstorf.de\/wp-content\/uploads\/2023\/12\/DJI_0268-300x169.jpg\" class=\"attachment-medium size-medium wp-image-991\" alt=\"\" srcset=\"https:\/\/feuerwehr-schwagstorf.de\/wp-content\/uploads\/2023\/12\/DJI_0268-300x169.jpg 300w, https:\/\/feuerwehr-schwagstorf.de\/wp-content\/uploads\/2023\/12\/DJI_0268-1024x576.jpg 1024w, https:\/\/feuerwehr-schwagstorf.de\/wp-content\/uploads\/2023\/12\/DJI_0268-768x432.jpg 768w, https:\/\/feuerwehr-schwagstorf.de\/wp-content\/uploads\/2023\/12\/DJI_0268-1536x864.jpg 1536w, https:\/\/feuerwehr-schwagstorf.de\/wp-content\/uploads\/2023\/12\/DJI_0268-2048x1152.jpg 2048w, https:\/\/feuerwehr-schwagstorf.de\/wp-content\/uploads\/2023\/12\/DJI_0268-800x450.jpg 800w\" sizes=\"(max-width: 300px) 100vw, 300px\" \/><\/div><\/a>\n\t\t\t\t<div class=\"elementor-post__badge\">2026<\/div>\n\t\t\t\t<div class=\"elementor-post__text\">\n\t\t\t\t<h3 class=\"elementor-post__title\">\n\t\t\t<a href=\"https:\/\/feuerwehr-schwagstorf.de\/?p=1069\" >\n\t\t\t\tF3Y \u2013 Feuer Geb\u00e4ude \/ Gasgeruch \/ Rauch\t\t\t<\/a>\n\t\t<\/h3>\n\t\t\t\t<div class=\"elementor-post__excerpt\">\n\t\t\t<p>\ud83d\udcdf F3Y \u2013 Feuer Geb\u00e4ude \/ Gasgeruch \/ Rauch\ud83d\uddd3\ufe0f 03.02.2026 \u2013 22:31 Uhr Gemeinsam mit der\u00a0@feuerwehr.venne,\u00a0@feuerwehr_ostercappeln, der Drehleitereinheit\u00a0@feuerwehr_beew, dem Rettungsdienst und der Polizei wurden wir<\/p>\n\t\t<\/div>\n\t\t\n\t\t<a class=\"elementor-post__read-more\" href=\"https:\/\/feuerwehr-schwagstorf.de\/?p=1069\" aria-label=\"Mehr \u00fcber F3Y \u2013 Feuer Geb\u00e4ude \/ Gasgeruch \/ Rauch\" tabindex=\"-1\" >\n\t\t\tMehr \u00bb\t\t<\/a>\n\n\t\t\t\t<\/div>\n\t\t\t\t<div class=\"elementor-post__meta-data\">\n\t\t\t\t\t<span class=\"elementor-post-author\">\n\t\t\tFeuerwehr Schwagstorf\t\t<\/span>\n\t\t\t\t<span class=\"elementor-post-date\">\n\t\t\t14.02.2026\t\t<\/span>\n\t\t\t\t<\/div>\n\t\t\t\t\t<\/div>\n\t\t<\/article>\n\t\t\t\t<\/div>\n\t\t\t\t\t<span class=\"e-load-more-spinner\">\n\t\t\t\t<i aria-hidden=\"true\" class=\"fas fa-spinner\"><\/i>\t\t\t<\/span>\n\t\t\n\t\t\t\t<div class=\"e-load-more-anchor\" data-page=\"1\" data-max-page=\"11\" data-next-page=\"https:\/\/feuerwehr-schwagstorf.de\/index.php?rest_route=%2Fwp%2Fv2%2Fpages%2F79&#038;paged=2\"><\/div>\n\t\t\t\t<div class=\"e-load-more-message\"><\/div>\n\t\t\t\t\t\t<\/div>\n\t\t\t\t<\/div>\n\t\t\t\t\t<\/div>\n\t\t<\/div>\n\t\t\t\t\t<\/div>\n\t\t<\/section>\n\t\t\t\t<\/div>\n\t\t","protected":false},"excerpt":{"rendered":"<p>Eins\u00e4tze<\/p>\n","protected":false},"author":2,"featured_media":0,"parent":0,"menu_order":0,"comment_status":"closed","ping_status":"closed","template":"","meta":{"ocean_post_layout":"full-screen","ocean_both_sidebars_style":"","ocean_both_sidebars_content_width":0,"ocean_both_sidebars_sidebars_width":0,"ocean_sidebar":"0","ocean_second_sidebar":"0","ocean_disable_margins":"enable","ocean_add_body_class":"","ocean_shortcode_before_top_bar":"","ocean_shortcode_after_top_bar":"","ocean_shortcode_before_header":"","ocean_shortcode_after_header":"","ocean_has_shortcode":"","ocean_shortcode_after_title":"","ocean_shortcode_before_footer_widgets":"","ocean_shortcode_after_footer_widgets":"","ocean_shortcode_before_footer_bottom":"","ocean_shortcode_after_footer_bottom":"","ocean_display_top_bar":"off","ocean_display_header":"default","ocean_header_style":"","ocean_center_header_left_menu":"0","ocean_custom_header_template":"0","ocean_custom_logo":0,"ocean_custom_retina_logo":0,"ocean_custom_logo_max_width":0,"ocean_custom_logo_tablet_max_width":0,"ocean_custom_logo_mobile_max_width":0,"ocean_custom_logo_max_height":0,"ocean_custom_logo_tablet_max_height":0,"ocean_custom_logo_mobile_max_height":0,"ocean_header_custom_menu":"0","ocean_menu_typo_font_family":"0","ocean_menu_typo_font_subset":"","ocean_menu_typo_font_size":0,"ocean_menu_typo_font_size_tablet":0,"ocean_menu_typo_font_size_mobile":0,"ocean_menu_typo_font_size_unit":"px","ocean_menu_typo_font_weight":"","ocean_menu_typo_font_weight_tablet":"","ocean_menu_typo_font_weight_mobile":"","ocean_menu_typo_transform":"","ocean_menu_typo_transform_tablet":"","ocean_menu_typo_transform_mobile":"","ocean_menu_typo_line_height":0,"ocean_menu_typo_line_height_tablet":0,"ocean_menu_typo_line_height_mobile":0,"ocean_menu_typo_line_height_unit":"","ocean_menu_typo_spacing":0,"ocean_menu_typo_spacing_tablet":0,"ocean_menu_typo_spacing_mobile":0,"ocean_menu_typo_spacing_unit":"","ocean_menu_link_color":"","ocean_menu_link_color_hover":"","ocean_menu_link_color_active":"","ocean_menu_link_background":"","ocean_menu_link_hover_background":"","ocean_menu_link_active_background":"","ocean_menu_social_links_bg":"","ocean_menu_social_hover_links_bg":"","ocean_menu_social_links_color":"","ocean_menu_social_hover_links_color":"","ocean_disable_title":"on","ocean_disable_heading":"default","ocean_post_title":"","ocean_post_subheading":"","ocean_post_title_style":"","ocean_post_title_background_color":"","ocean_post_title_background":0,"ocean_post_title_bg_image_position":"","ocean_post_title_bg_image_attachment":"","ocean_post_title_bg_image_repeat":"","ocean_post_title_bg_image_size":"","ocean_post_title_height":0,"ocean_post_title_bg_overlay":0.5,"ocean_post_title_bg_overlay_color":"","ocean_disable_breadcrumbs":"default","ocean_breadcrumbs_color":"","ocean_breadcrumbs_separator_color":"","ocean_breadcrumbs_links_color":"","ocean_breadcrumbs_links_hover_color":"","ocean_display_footer_widgets":"default","ocean_display_footer_bottom":"default","ocean_custom_footer_template":"0","footnotes":""},"class_list":["post-79","page","type-page","status-publish","hentry","entry","has-media"],"_links":{"self":[{"href":"https:\/\/feuerwehr-schwagstorf.de\/index.php?rest_route=\/wp\/v2\/pages\/79","targetHints":{"allow":["GET"]}}],"collection":[{"href":"https:\/\/feuerwehr-schwagstorf.de\/index.php?rest_route=\/wp\/v2\/pages"}],"about":[{"href":"https:\/\/feuerwehr-schwagstorf.de\/index.php?rest_route=\/wp\/v2\/types\/page"}],"author":[{"embeddable":true,"href":"https:\/\/feuerwehr-schwagstorf.de\/index.php?rest_route=\/wp\/v2\/users\/2"}],"replies":[{"embeddable":true,"href":"https:\/\/feuerwehr-schwagstorf.de\/index.php?rest_route=%2Fwp%2Fv2%2Fcomments&post=79"}],"version-history":[{"count":45,"href":"https:\/\/feuerwehr-schwagstorf.de\/index.php?rest_route=\/wp\/v2\/pages\/79\/revisions"}],"predecessor-version":[{"id":574,"href":"https:\/\/feuerwehr-schwagstorf.de\/index.php?rest_route=\/wp\/v2\/pages\/79\/revisions\/574"}],"wp:attachment":[{"href":"https:\/\/feuerwehr-schwagstorf.de\/index.php?rest_route=%2Fwp%2Fv2%2Fmedia&parent=79"}],"curies":[{"name":"wp","href":"https:\/\/api.w.org\/{rel}","templated":true}]}}